{"id":87,"date":"2021-01-15T09:18:39","date_gmt":"2021-01-15T09:18:39","guid":{"rendered":"http:\/\/generator1.net\/?page_id=87"},"modified":"2021-01-15T09:32:27","modified_gmt":"2021-01-15T09:32:27","slug":"privacy","status":"publish","type":"page","link":"https:\/\/generator1.net\/fr\/vie-privee\/","title":{"rendered":"Vie priv\u00e9e"},"content":{"rendered":"<div data-elementor-type=\"wp-page\" data-elementor-id=\"87\" class=\"elementor elementor-87\" data-elementor-post-type=\"page\">\n\t\t\t\t\t\t<section class=\"elementor-section elementor-top-section elementor-element elementor-element-e0239ef elementor-section-boxed elementor-section-height-default elementor-section-height-default\" data-id=\"e0239ef\" data-element_type=\"section\" data-e-type=\"section\">\n\t\t\t\t\t\t<div class=\"elementor-container elementor-column-gap-default\">\n\t\t\t\t\t<div class=\"elementor-column elementor-col-100 elementor-top-column elementor-element elementor-element-eebb1c8\" data-id=\"eebb1c8\" data-element_type=\"column\" data-e-type=\"column\">\n\t\t\t<div class=\"elementor-widget-wrap elementor-element-populated\">\n\t\t\t\t\t\t<div class=\"elementor-element elementor-element-fd8c9a2 elementor-widget elementor-widget-heading\" data-id=\"fd8c9a2\" data-element_type=\"widget\" data-e-type=\"widget\" data-widget_type=\"heading.default\">\n\t\t\t\t<div class=\"elementor-widget-container\">\n\t\t\t\t\t<h1 class=\"elementor-heading-title elementor-size-default\">Politique de confidentialit\u00e9<\/h1>\t\t\t\t<\/div>\n\t\t\t\t<\/div>\n\t\t\t\t<div class=\"elementor-element elementor-element-93e7f3c elementor-widget elementor-widget-text-editor\" data-id=\"93e7f3c\" data-element_type=\"widget\" data-e-type=\"widget\" data-widget_type=\"text-editor.default\">\n\t\t\t\t<div class=\"elementor-widget-container\">\n\t\t\t\t\t\t\t\t\t<h2>Qu'est-ce qu'un biscuit ?<\/h2><p>Les cookies sont de petits \u00e9l\u00e9ments de donn\u00e9es qu'un site web peut demander \u00e0 votre navigateur de stocker sur votre appareil. De cette mani\u00e8re, vos actions, pr\u00e9f\u00e9rences ou autres informations peuvent \u00eatre m\u00e9moris\u00e9es en vue d'une utilisation ult\u00e9rieure. Par exemple, lorsque vous utilisez l'option \"se souvenir de moi\" sur un formulaire de connexion, un cookie est utilis\u00e9 pour se souvenir de vous. Un autre exemple est celui de la plupart des boutiques en ligne disposant d'un panier. Lorsque vous ajoutez un article \u00e0 votre panier, un cookie est probablement utilis\u00e9 pour s'en souvenir.<\/p><p>Il existe de nombreux types de cookies, mais on peut les classer comme suit :<br \/>- Cookie de session : Ces cookies ne sont enregistr\u00e9s que tant que votre navigateur est actif. D\u00e8s que vous fermez votre navigateur, ces cookies sont supprim\u00e9s.<br \/>- Cookies persistants : Ces cookies sont enregistr\u00e9s pour une p\u00e9riode plus longue, parfois pour toujours, jusqu'\u00e0 ce que vous d\u00e9cidiez de les supprimer.<br \/>- Cookie de premi\u00e8re partie : Ces cookies sont mis en place par le domaine (site web) que vous visitez, dans ce cas il s'agit d'un cookie mis en place par fantasynamegenerators.com.<br \/>- Cookies de tiers : Ces cookies sont mis en place par un domaine diff\u00e9rent de celui que vous visitez actuellement. Dans ce cas, il peut s'agir du domaine des annonces de Google, par exemple.<\/p><h3>Qui sommes-nous ?<\/h3><p>Megasolid LLC op\u00e8re <a href=\"https:\/\/generator1.net\/fr\/\">Generator1.net<\/a> et peut exploiter d'autres sites web. Il est <a href=\"https:\/\/generator1.net\/fr\/\">Generator1.net<\/a>a pour politique de respecter votre vie priv\u00e9e en ce qui concerne les informations que nous pourrions collecter en exploitant nos sites web.<\/p><h3>Annonces<\/h3><p>Les publicit\u00e9s apparaissant sur l'un de nos sites web peuvent \u00eatre diffus\u00e9es aux utilisateurs par des partenaires publicitaires, qui peuvent installer des cookies. Ces cookies permettent au serveur publicitaire de reconna\u00eetre votre ordinateur chaque fois qu'il vous envoie une publicit\u00e9 en ligne afin de compiler des informations sur vous ou sur d'autres personnes qui utilisent votre ordinateur. Ces informations permettent aux r\u00e9seaux publicitaires, entre autres, de fournir des publicit\u00e9s cibl\u00e9es qui, selon eux, vous int\u00e9ressent le plus. Cette politique de confidentialit\u00e9 couvre l'utilisation des cookies par Megasolid et ne couvre pas l'utilisation des cookies par les annonceurs.<\/p><p>Il s'agit de cookies de tiers et nous n'avons donc que peu ou pas de contr\u00f4le sur eux (hormis l'utilisation ou la non-utilisation de ce service ou d'une partie de celui-ci).<\/p><h2>Boutons de m\u00e9dias sociaux<\/h2><p>Nous utilisons des boutons de m\u00e9dias sociaux qui vous permettent de partager ce site web ou des pages individuelles. Les sites de m\u00e9dias sociaux sont Facebook, Pinterest et Twitter. Des cookies peuvent \u00eatre utilis\u00e9s si vous utilisez la fonction \"se souvenir de moi\" pour vous connecter, par exemple, ou si vous \u00eates d\u00e9j\u00e0 connect\u00e9, car ces sites vous permettent de partager tout et n'importe quoi sans avoir \u00e0 vous connecter constamment \u00e0 leur service.<\/p><p>Il s'agit \u00e9galement de cookies de tiers.<\/p><h2>Ce site utilise des cookies.<\/h2><p>Le message vous informant que ce site utilise des cookies utilise \u00e9galement un cookie une fois que vous avez cliqu\u00e9 sur le bouton \"OK\". De cette fa\u00e7on, vous n'avez pas \u00e0 faire face \u00e0 ce message \u00e0 chaque fois que vous visitez le site (\u00e0 moins que vous ne supprimiez constamment ce cookie).<\/p><p>Il s'agit \u00e9galement d'un cookie de tiers.<\/p><h2>Pour les r\u00e9sidents de Californie : Informations sur l'ACCP<\/h2><p>Le pr\u00e9sent avis de confidentialit\u00e9 pour les r\u00e9sidents californiens compl\u00e8te les informations contenues ailleurs dans le pr\u00e9sent avis de confidentialit\u00e9 et s'applique uniquement \u00e0 tous les visiteurs, utilisateurs et autres personnes qui r\u00e9sident dans l'\u00c9tat de Californie (\" consommateurs \" ou \" vous \"). Cet avis est ici conforme \u00e0 la loi californienne de 2018 sur la protection de la vie priv\u00e9e des consommateurs (CCPA) et tous les termes d\u00e9finis dans la CCPA ont la m\u00eame signification lorsqu'ils sont utilis\u00e9s dans cet avis.<\/p><h3>Droits et choix<\/h3><p>La CCPA conf\u00e8re aux consommateurs situ\u00e9s dans l'\u00c9tat de Californie certains droits concernant leurs informations et donn\u00e9es personnelles. La section suivante d\u00e9crit ces droits et explique comment les exercer :<\/p><h3>Acc\u00e8s \u00e0 des informations sp\u00e9cifiques et droit \u00e0 la portabilit\u00e9 des donn\u00e9es<\/h3><p>Vous avez le droit de demander \u00e0 l'entreprise de vous divulguer certaines informations concernant la collecte et l'utilisation de vos donn\u00e9es personnelles au cours des 12 derniers mois. Une fois que nous aurons re\u00e7u et confirm\u00e9 votre demande v\u00e9rifiable de consommateur (telle que d\u00e9crite dans la section \"Exercice des droits d'acc\u00e8s, de portabilit\u00e9 des donn\u00e9es et de suppression\"), nous vous communiquerons toutes les informations collect\u00e9es \u00e0 votre sujet.<\/p><p>Non-discrimination<br \/>Megalosild LLC n'exercera jamais de discrimination \u00e0 votre encontre pour avoir exerc\u00e9 l'un de vos droits en vertu de la CCPA de quelque mani\u00e8re que ce soit.<\/p><h3>Exercice des droits d'acc\u00e8s, de portabilit\u00e9 des donn\u00e9es et d'effacement<\/h3><p>Pour exercer les droits d'acc\u00e8s, de portabilit\u00e9 des donn\u00e9es et de suppression d\u00e9crits ci-dessus, veuillez soumettre une demande v\u00e9rifiable du consommateur \u00e0 Megasolid LLC en utilisant le formulaire de contact disponible sur ce site.<\/p><p>Vous seul, ou une personne enregistr\u00e9e aupr\u00e8s du secr\u00e9taire d'\u00c9tat de Californie que vous autorisez \u00e0 agir en votre nom, pouvez faire une demande v\u00e9rifiable de consommateur concernant vos informations personnelles. Vous pouvez \u00e9galement faire une demande de consommateur v\u00e9rifiable au nom de votre enfant mineur.<br \/>Vous ne pouvez pr\u00e9senter une demande v\u00e9rifiable d'acc\u00e8s \u00e0 la portabilit\u00e9 des donn\u00e9es que deux fois au cours d'une p\u00e9riode de 12 mois. La demande v\u00e9rifiable du consommateur doit<\/p><p>Fournir des informations suffisantes pour nous permettre de v\u00e9rifier raisonnablement que vous \u00eates la personne au sujet de laquelle nous avons recueilli des informations personnelles ou un repr\u00e9sentant autoris\u00e9.<br \/>D\u00e9crivez votre demande avec suffisamment de d\u00e9tails pour nous permettre de la comprendre, de l'\u00e9valuer et d'y r\u00e9pondre.<br \/>Nous ne pouvons pas r\u00e9pondre \u00e0 votre demande ou vous fournir des informations personnelles si nous ne pouvons pas v\u00e9rifier votre identit\u00e9 ou votre autorit\u00e9 pour faire la demande et confirmer que les informations personnelles vous concernent.<\/p><p>Le d\u00e9p\u00f4t d'une demande v\u00e9rifiable de consommateur ne n\u00e9cessite pas la cr\u00e9ation d'un compte chez nous. Nous n'utiliserons les informations personnelles fournies dans le cadre d'une demande v\u00e9rifiable du consommateur que pour v\u00e9rifier l'identit\u00e9 du demandeur ou son autorisation \u00e0 formuler la demande.<\/p><h3>Informations collect\u00e9es<\/h3><p>Les seules informations personnelles collect\u00e9es \u00e0 votre sujet sont celles que vous fournissez en utilisant le formulaire de contact. Il peut s'agir des informations suivantes<br \/>- Votre nom.<br \/>- Votre adresse \u00e9lectronique.<br \/>- Toute autre information vous concernant que vous m'envoyez dans votre message.<\/p><h3>Utilisation de vos informations<\/h3><p>Vos informations sont utilis\u00e9es pour vous r\u00e9pondre et vous contacter en fonction de l'objet de votre message. Si vous sugg\u00e9rez une id\u00e9e, vos informations seront utilis\u00e9es pour vous contacter ult\u00e9rieurement afin de vous informer de la mise en \u0153uvre de votre id\u00e9e.<br \/>Votre adresse IP est utilis\u00e9e pour une couche suppl\u00e9mentaire d'identification dans une tentative limit\u00e9e d'\u00e9viter que des personnes se fassent passer pour plusieurs personnes.<\/p><h3>Partage des informations<\/h3><p>Nous ne partageons ni ne vendons vos informations \u00e0 personne.<\/p>\t\t\t\t\t\t\t\t<\/div>\n\t\t\t\t<\/div>\n\t\t\t\t\t<\/div>\n\t\t<\/div>\n\t\t\t\t\t<\/div>\n\t\t<\/section>\n\t\t\t\t<\/div>","protected":false},"excerpt":{"rendered":"<p>Privacy Policy What are cookies? Cookies are small pieces of data which a website may ask your browser to store on your device. This way your actions, preferences or other information can be remembered for later use. For example, whenever you use a &#8216;remember me&#8217; option on a login form, a cookie is used to [&hellip;]<\/p>\n","protected":false},"author":1,"featured_media":0,"parent":0,"menu_order":0,"comment_status":"closed","ping_status":"closed","template":"","meta":{"footnotes":""},"class_list":["post-87","page","type-page","status-publish","hentry"],"_links":{"self":[{"href":"https:\/\/generator1.net\/fr\/wp-json\/wp\/v2\/pages\/87","targetHints":{"allow":["GET"]}}],"collection":[{"href":"https:\/\/generator1.net\/fr\/wp-json\/wp\/v2\/pages"}],"about":[{"href":"https:\/\/generator1.net\/fr\/wp-json\/wp\/v2\/types\/page"}],"author":[{"embeddable":true,"href":"https:\/\/generator1.net\/fr\/wp-json\/wp\/v2\/users\/1"}],"replies":[{"embeddable":true,"href":"https:\/\/generator1.net\/fr\/wp-json\/wp\/v2\/comments?post=87"}],"version-history":[{"count":0,"href":"https:\/\/generator1.net\/fr\/wp-json\/wp\/v2\/pages\/87\/revisions"}],"wp:attachment":[{"href":"https:\/\/generator1.net\/fr\/wp-json\/wp\/v2\/media?parent=87"}],"curies":[{"name":"wp","href":"https:\/\/api.w.org\/{rel}","templated":true}]}}