{"id":196,"date":"2021-01-20T15:01:30","date_gmt":"2021-01-20T15:01:30","guid":{"rendered":"http:\/\/generator1.net\/?page_id=196"},"modified":"2021-06-07T10:25:19","modified_gmt":"2021-06-07T10:25:19","slug":"about","status":"publish","type":"page","link":"https:\/\/generator1.net\/fr\/a-propos-de\/","title":{"rendered":"A propos de"},"content":{"rendered":"<div data-elementor-type=\"wp-page\" data-elementor-id=\"196\" class=\"elementor elementor-196\" data-elementor-post-type=\"page\">\n\t\t\t\t\t\t<section class=\"elementor-section elementor-top-section elementor-element elementor-element-aca9ab5 elementor-section-boxed elementor-section-height-default elementor-section-height-default\" data-id=\"aca9ab5\" data-element_type=\"section\" data-e-type=\"section\">\n\t\t\t\t\t\t<div class=\"elementor-container elementor-column-gap-default\">\n\t\t\t\t\t<div class=\"elementor-column elementor-col-50 elementor-top-column elementor-element elementor-element-13f0ea8\" data-id=\"13f0ea8\" data-element_type=\"column\" data-e-type=\"column\">\n\t\t\t<div class=\"elementor-widget-wrap elementor-element-populated\">\n\t\t\t\t\t\t<div class=\"elementor-element elementor-element-ff7f7ed elementor-widget elementor-widget-heading\" data-id=\"ff7f7ed\" data-element_type=\"widget\" data-e-type=\"widget\" data-widget_type=\"heading.default\">\n\t\t\t\t<div class=\"elementor-widget-container\">\n\t\t\t\t\t<h1 class=\"elementor-heading-title elementor-size-xxl\">\u00c0 propos de nous<\/h1>\t\t\t\t<\/div>\n\t\t\t\t<\/div>\n\t\t\t\t\t<\/div>\n\t\t<\/div>\n\t\t\t\t<div class=\"elementor-column elementor-col-50 elementor-top-column elementor-element elementor-element-c5794af\" data-id=\"c5794af\" data-element_type=\"column\" data-e-type=\"column\">\n\t\t\t<div class=\"elementor-widget-wrap elementor-element-populated\">\n\t\t\t\t\t\t<div class=\"elementor-element elementor-element-4f699ac elementor-widget elementor-widget-text-editor\" data-id=\"4f699ac\" data-element_type=\"widget\" data-e-type=\"widget\" data-widget_type=\"text-editor.default\">\n\t\t\t\t<div class=\"elementor-widget-container\">\n\t\t\t\t\t\t\t\t\t<p>Bonjour visiteur, nous sommes comme vous, \u00e0 la recherche de nouvelles id\u00e9es de surnoms pour nos h\u00e9ros. Cela a commenc\u00e9 comme un hobby secondaire, pour partager quelques id\u00e9es de noms. En raison des r\u00e9ponses positives des visiteurs, nous avons d\u00e9cid\u00e9 de faire un g\u00e9n\u00e9rateur de noms fantastiques....<\/p><p>Nous nous effor\u00e7ons de cr\u00e9er du mat\u00e9riel original. Nous nous surpassons pour cr\u00e9er les meilleurs g\u00e9n\u00e9rateurs de noms possibles.<\/p><p>Peu importe que vous cherchiez un nom de personnage pour un jeu de r\u00f4le en ligne ou un nom d'\u00e9cran pour un m\u00e9dia social o\u00f9 des milliers, voire des centaines de milliers de participants sont tous \u00e0 la recherche d'un nom. <span style=\"text-decoration: underline;\"><strong>Nous avons tout pr\u00e9vu.<\/strong><\/span><\/p><p>Nous utilisons de grandes bases de donn\u00e9es de noms et nous en ajoutons constamment. Nos g\u00e9n\u00e9rateurs de noms ont des milliers de noms uniques !<\/p><p>Nous travaillons constamment \u00e0 l'am\u00e9lioration de nos g\u00e9n\u00e9rateurs de noms existants ainsi qu'\u00e0 la production de nouveaux g\u00e9n\u00e9rateurs de haute qualit\u00e9, et nous appr\u00e9cions le retour d'information de nos utilisateurs. Si vous obtenez un nom douteux, ou si vous souhaitez partager des noms avec nous, <a href=\"https:\/\/generator1.net\/fr\/contact\/\">faites-nous savoir<\/a> !\u00a0<br \/>Pourquoi cela est-il important ? Nous pensons que la meilleure fa\u00e7on de cr\u00e9er des sites web est de cr\u00e9er un contenu de qualit\u00e9 et de laisser nos utilisateurs d\u00e9cider de ce qui est bon. Lorsque nos utilisateurs appr\u00e9cient quelque chose, ils partagent notre contenu pour nous, et nous pouvons nous atteler \u00e0 la cr\u00e9ation de nouveaux g\u00e9n\u00e9rateurs de noms au lieu de perdre du temps \u00e0 les promouvoir ! En fin de compte, notre philosophie consiste \u00e0 cr\u00e9er du contenu dont nous sommes fiers et qui rend nos utilisateurs heureux.<\/p>\t\t\t\t\t\t\t\t<\/div>\n\t\t\t\t<\/div>\n\t\t\t\t\t<\/div>\n\t\t<\/div>\n\t\t\t\t\t<\/div>\n\t\t<\/section>\n\t\t\t\t<\/div>","protected":false},"excerpt":{"rendered":"<p>About Us Hello visitor,\u00a0 we are like you, were looking for new ideas for nicknames for our hero. This started as a side hobby, to share some names ideas. Due to positive reply from visitors we decided to do a fantasy name generators&#8230;. We try to make original material.\u00a0We go above and beyond to make [&hellip;]<\/p>\n","protected":false},"author":1,"featured_media":0,"parent":0,"menu_order":0,"comment_status":"closed","ping_status":"closed","template":"","meta":{"footnotes":""},"class_list":["post-196","page","type-page","status-publish","hentry"],"_links":{"self":[{"href":"https:\/\/generator1.net\/fr\/wp-json\/wp\/v2\/pages\/196","targetHints":{"allow":["GET"]}}],"collection":[{"href":"https:\/\/generator1.net\/fr\/wp-json\/wp\/v2\/pages"}],"about":[{"href":"https:\/\/generator1.net\/fr\/wp-json\/wp\/v2\/types\/page"}],"author":[{"embeddable":true,"href":"https:\/\/generator1.net\/fr\/wp-json\/wp\/v2\/users\/1"}],"replies":[{"embeddable":true,"href":"https:\/\/generator1.net\/fr\/wp-json\/wp\/v2\/comments?post=196"}],"version-history":[{"count":0,"href":"https:\/\/generator1.net\/fr\/wp-json\/wp\/v2\/pages\/196\/revisions"}],"wp:attachment":[{"href":"https:\/\/generator1.net\/fr\/wp-json\/wp\/v2\/media?parent=196"}],"curies":[{"name":"wp","href":"https:\/\/api.w.org\/{rel}","templated":true}]}}