{"id":1666,"date":"2021-03-17T08:28:12","date_gmt":"2021-03-17T08:28:12","guid":{"rendered":"http:\/\/generator1.net\/?page_id=1666"},"modified":"2023-07-16T10:14:15","modified_gmt":"2023-07-16T10:14:15","slug":"korean-name-generator","status":"publish","type":"page","link":"https:\/\/generator1.net\/fr\/generateur-de-noms-coreens\/","title":{"rendered":"G\u00e9n\u00e9rateur de noms cor\u00e9ens"},"content":{"rendered":"\t\t<div data-elementor-type=\"wp-page\" data-elementor-id=\"1666\" class=\"elementor elementor-1666\" data-elementor-post-type=\"page\">\n\t\t\t\t\t\t<section class=\"elementor-section elementor-top-section elementor-element elementor-element-1c0f287 elementor-section-boxed elementor-section-height-default elementor-section-height-default\" data-id=\"1c0f287\" data-element_type=\"section\" data-e-type=\"section\">\n\t\t\t\t\t\t<div class=\"elementor-container elementor-column-gap-default\">\n\t\t\t\t\t<div class=\"elementor-column elementor-col-100 elementor-top-column elementor-element elementor-element-31c0d81\" data-id=\"31c0d81\" data-element_type=\"column\" data-e-type=\"column\">\n\t\t\t<div class=\"elementor-widget-wrap elementor-element-populated\">\n\t\t\t\t\t\t<div class=\"elementor-element elementor-element-87d8098 elementor-widget elementor-widget-text-editor\" data-id=\"87d8098\" data-element_type=\"widget\" data-e-type=\"widget\" data-widget_type=\"text-editor.default\">\n\t\t\t\t<div class=\"elementor-widget-container\">\n\t\t\t\t\t\t\t\t\t<p>Korean name generator on this page will generate you some Korean names absolutely free.<\/p><p>Looking for a name for your character? There are more then 10,000 names in the database. Use the buttons bellow to get more name ideas, until you find the desired name.<\/p>\t\t\t\t\t\t\t\t<\/div>\n\t\t\t\t<\/div>\n\t\t\t\t<section class=\"elementor-section elementor-inner-section elementor-element elementor-element-ab98b42 elementor-section-boxed elementor-section-height-default elementor-section-height-default\" data-id=\"ab98b42\" data-element_type=\"section\" data-e-type=\"section\">\n\t\t\t\t\t\t<div class=\"elementor-container elementor-column-gap-default\">\n\t\t\t\t\t<div class=\"elementor-column elementor-col-50 elementor-inner-column elementor-element elementor-element-85f9019\" data-id=\"85f9019\" data-element_type=\"column\" data-e-type=\"column\">\n\t\t\t<div class=\"elementor-widget-wrap elementor-element-populated\">\n\t\t\t\t\t\t<div class=\"elementor-element elementor-element-13babb5 elementor-widget elementor-widget-heading\" data-id=\"13babb5\" data-element_type=\"widget\" data-e-type=\"widget\" data-widget_type=\"heading.default\">\n\t\t\t\t<div class=\"elementor-widget-container\">\n\t\t\t\t\t<h2 class=\"elementor-heading-title elementor-size-default\">Korean traditions when choosing a name<\/h2>\t\t\t\t<\/div>\n\t\t\t\t<\/div>\n\t\t\t\t<div class=\"elementor-element elementor-element-1c60fe7 elementor-widget elementor-widget-text-editor\" data-id=\"1c60fe7\" data-element_type=\"widget\" data-e-type=\"widget\" data-widget_type=\"text-editor.default\">\n\t\t\t\t<div class=\"elementor-widget-container\">\n\t\t\t\t\t\t\t\t\t<p>According to a common Asian tradition, a Korean name consists of a person&#8217;s last name and a personal name following it.<br \/>I.e., the last name is always written before the personal name.<\/p><p>Usually, a Korean surname consists of one syllable, and a personal name consists of two.<br \/>Names consisting of one or three syllables are quite rare.<br \/>If the Korean surname consists of two syllables, then usually the personal name consists of one syllable.<\/p><p>In Korea, initially, a person acquired a surname by the name of the clan to which he or she belonged.<br \/>At the same time, the married woman did not change her last name.<br \/>But the children received their father&#8217;s last name.<br \/>So the clan name continued to live for centuries.<\/p>\t\t\t\t\t\t\t\t<\/div>\n\t\t\t\t<\/div>\n\t\t\t\t<div class=\"elementor-element elementor-element-75548cf elementor-widget elementor-widget-shortcode\" data-id=\"75548cf\" data-element_type=\"widget\" data-e-type=\"widget\" data-widget_type=\"shortcode.default\">\n\t\t\t\t<div class=\"elementor-widget-container\">\n\t\t\t\t\t\t\t<div class=\"elementor-shortcode\">\t\t<div data-elementor-type=\"section\" data-elementor-id=\"4552\" class=\"elementor elementor-4552\" data-elementor-post-type=\"elementor_library\">\n\t\t\t\t\t<section class=\"elementor-section elementor-top-section elementor-element elementor-element-67ea8d2 elementor-section-boxed elementor-section-height-default elementor-section-height-default\" data-id=\"67ea8d2\" data-element_type=\"section\" data-e-type=\"section\">\n\t\t\t\t\t\t<div class=\"elementor-container elementor-column-gap-default\">\n\t\t\t\t\t<div class=\"elementor-column elementor-col-100 elementor-top-column elementor-element elementor-element-37c9e1e\" data-id=\"37c9e1e\" data-element_type=\"column\" data-e-type=\"column\">\n\t\t\t<div class=\"elementor-widget-wrap elementor-element-populated\">\n\t\t\t\t\t\t<div class=\"elementor-element elementor-element-2f6560f elementor-widget elementor-widget-html\" data-id=\"2f6560f\" data-element_type=\"widget\" data-e-type=\"widget\" data-widget_type=\"html.default\">\n\t\t\t\t<div class=\"elementor-widget-container\">\n\t\t\t\t\t<!-- Horizontal Ad -->\r\n<ins class=\"adsbygoogle\"\r\n     style=\"display:block\"\r\n     data-ad-client=\"ca-pub-6139185171352565\"\r\n     data-ad-slot=\"1921125876\"\r\n     data-ad-format=\"auto\"\r\n     data-full-width-responsive=\"true\"><\/ins>\r\n<script>\r\n     (adsbygoogle = window.adsbygoogle || []).push({});\r\n<\/script>\t\t\t\t<\/div>\n\t\t\t\t<\/div>\n\t\t\t\t\t<\/div>\n\t\t<\/div>\n\t\t\t\t\t<\/div>\n\t\t<\/section>\n\t\t\t\t<\/div>\n\t\t<\/div>\n\t\t\t\t\t\t<\/div>\n\t\t\t\t<\/div>\n\t\t\t\t<div class=\"elementor-element elementor-element-0959120 elementor-widget elementor-widget-text-editor\" data-id=\"0959120\" data-element_type=\"widget\" data-e-type=\"widget\" data-widget_type=\"text-editor.default\">\n\t\t\t\t<div class=\"elementor-widget-container\">\n\t\t\t\t\t\t\t\t\t<p>Korean names tell their own story. They often signify history, values, and relationships. Each generation works hard to pass down meaningful names to their children and grandchildren. As a result, generations of Korean names tell a story that can be discovered by understanding the purpose of the different characters.<\/p><p>Names in Korea often tie to Confucian values such as loyalty, respect, family, and honor. They can also embody the qualities of nature like flowers, rocks, and rivers. For example, one popular name, Su-won, can mean \u201cRock of Strength.\u201d Recognizing these symbols opens up a richer understanding of a person\u2019s name. <\/p><p>The family influences what names children receive. Historically, if the first-born son was born in the second or third lunar month, they would receive a name beginning with one of the five Chinese elements, which include metal, wood, water, fire, and earth. As well, names often reflect birth order. For example, the first-born boy may receive a name beginning with the character meaning \u2018moon\u2019, while the second-born may receive a name beginning with \u2018stars.\u2019<\/p><p>Additionally, even the size of the family may influence a name. If a family has three children, then the characters traditionally used for the first-born son, second-born son, and first-born daughter may be placed together to form a united name. For instance, if a family had these three children, they might be named \u2018Heungmin\u2019 which means \u201caspirations of vastness\u201d signifying hope for a bright future.<\/p><p>Much thought and care go into the selection of a name. Families often take into account a child\u2019s birthdate, time and season in order to determine what characters make up a name. Because of this, much of Korea\u2019s cultural and traditional aspects can be seen in a single name. What\u2019s more, a person\u2019s name can represent more than just the individual but the family and historical ties too.<\/p><h2>Korean Surnames &#8211; Last Names<\/h2><p>Anciently, surnames were identified by a single character that reflected the family\u2019s origin. Over time, it has been common for these characters to represent the fertility of the land, the physical environment the family lived in, and\/or even an animal associated with the family\u2019s origin. For example, the surname Kim, derived from \u91d1\uff0dtransliterated as \u2018Kim\u2019\uff0d refers to metal. In ancient stories, Kim was connected to the God of Metal and also meant that the bearer of this name had plenty of metal to produce weapons.<\/p><p>In today\u2019s society, the use of traditional naming is still rife. Although much of this information is not known, it is visible in the makeup of Korean people\u2019s names. With a little research, it is possible to learn more about Korean culture and the meaning behind its names.<\/p><p>The use of surnames extends beyond the standard family to include family noble titles that are passed down from generation to generation. While the surname remains the same, these titles are added before it to indicate the hierarchical structure of certain families.<\/p><p>Furthermore, the use of given names can reveal more than just a person\u2019s age and gender. Names can also be a reflection of one\u2019s birth season, or even their relationship to the family\u2019s ancestral roots. In this way, a Korean name can be a testament to a richer dimension of culture. For instance, one popular name, Yeon-jin, can mean \u201cJewel of Wisdom.\u201d<\/p><p>Korean culture also believes that one\u2019s name can affect their luck and destiny. Therefore, families often look for auspicious symbols, repeating characters, and positive connotations when selecting a name. In this regard, it\u2019s possible to achieve success by having a positive outlook and embodying the spirit of the characters used in one\u2019s name.<\/p><p>The use of alternate names can be a way to overcome barriers of one\u2019s traditional name. By using a different name, one can often separate themselves from familial and ancestral expectations. As well, variations of a person\u2019s name can also symbolize success or accomplishment.<\/p><p>To truly understand the story behind Korean names, one must explore the many different characters, lucky symbols, and positive attitudes that form them. Digging deeper into Korean names and meanings can lead to an appreciation of the significance of Korean naming customs and the incredible history behind them. Who knows? You might even find some hidden gems in your own name. Are you curious to learn more about the story of your family name?<\/p>\t\t\t\t\t\t\t\t<\/div>\n\t\t\t\t<\/div>\n\t\t\t\t\t<\/div>\n\t\t<\/div>\n\t\t\t\t<div class=\"elementor-column elementor-col-50 elementor-inner-column elementor-element elementor-element-a053d71\" data-id=\"a053d71\" data-element_type=\"column\" data-e-type=\"column\">\n\t\t\t<div class=\"elementor-widget-wrap elementor-element-populated\">\n\t\t\t\t\t\t<div class=\"elementor-element elementor-element-616392d elementor-widget elementor-widget-shortcode\" data-id=\"616392d\" data-element_type=\"widget\" data-e-type=\"widget\" data-widget_type=\"shortcode.default\">\n\t\t\t\t<div class=\"elementor-widget-container\">\n\t\t\t\t\t    <style>\n        .heart {\n            font-size: 24px;\n            text-decoration: none;\n            color: black;\n        }\n    <\/style>\n    <script>\n        function addHeart(uid, id, num) {\n            const clid = '#' + uid;\n            const html = jQuery(clid).html();\n            jQuery(clid).html(\n                html + '<div class=\"fav-one-more-container\"><div class=\"favorite-button-container\"><a class=\"heart\" href=\"#\" onclick=\"return doStorage(\\''\n                + id + \"','\" + num + '\\',this)\"><span class=\"heart_contents\"><i class=\"fa fa-star-o\"><\/i><\/span><\/a><\/div><\/div>'\n            );\n        }\n\n        function doStorage(id, key, obj) {\n\n            let data = localStorage.getItem(id);\n            if (!data) {\n                data = {};\n            } else {\n                data = JSON.parse(data);\n            }\n\n            let value = jQuery(obj).parent().parent().parent().html();\n\n            if (!data[key]) {\n                data[key] = value.replace('href=\"#\"', 'href=\"#\" style=\"color:red\"');\n                jQuery(obj).css('color', 'red');\n\t\t\t\tjQuery(obj).addClass('fav-item');\n            } else {\n                delete data[key];\n                jQuery(obj).css('color', 'black');\n\t\t\t\tjQuery(obj).removeClass('fav-item');\n            }\n            localStorage.setItem(id, JSON.stringify(data));\n            return false;\n        }\n    <\/script>\n    \t\t<div class=\"elementor-shortcode\"><div id='dps-data-root'>        <script src=\"https:\/\/cdnjs.cloudflare.com\/ajax\/libs\/jquery\/3.5.1\/jquery.min.js\"\n                integrity=\"sha512-bLT0Qm9VnAYZDflyKcBaQ2gg0hSYNQrJ8RilYldYQ1FxQYoCLtUjuuRuZo+fjqhx\/qtq\/1itJ0C2ejDxltZVFg==\"\n                crossorigin=\"anonymous\"><\/script>\n        <script>\n            window.dps_js_ajax_shortcode_url = 'https:\/\/generator1.net\/wp-content\/plugins\/dps_data_generator\/shortcode_ajax.php?id=6630b9e09008895de8292da0aca5f8fb';\n\n            function dpsDataGeneratorRefresh() {\n\n                var p = [];\n                jQuery('.dg-group option:selected').each(function () {\n                    p.push(jQuery(this).parent().attr('id') + '=' + encodeURI(jQuery(this).val().trim()));\n                });\n\n                jQuery('#dps-data-root').load(window.dps_js_ajax_shortcode_url + '&' + p.join('&'));\n            }\n        <\/script>\n        <div class=\"ax\">\r\n  <ul\r\n    class=\"cards\"\r\n    style=\"list-style-type: none\"\r\n    itemscope\r\n    itemtype=\"https:\/\/schema.org\/BreadcrumbList\"\r\n  >\r\n    <li\r\n      class=\"card\"\r\n      itemprop=\"itemListElement\"\r\n      itemscope\r\n      itemtype=\"https:\/\/schema.org\/ListItem\"\r\n      id=\"fav-6630b9e09008895de8292da0aca5f8fb-1\"\r\n    >\r\n      <div class=\"card-content\">\r\n        <a itemprop=\"item\" href=\"#\">\r\n          <span itemprop=\"name\" class=\"large\">Dong-Geun Namgung<\/span><\/a>\r\n          <meta itemprop=\"position\" content=\"1\" \/>\r\n        \r\n      <\/div>\r\n    <\/li>\r\n    <li\r\n      class=\"card\"\r\n      itemprop=\"itemListElement\"\r\n      itemscope\r\n      itemtype=\"https:\/\/schema.org\/ListItem\"\r\n      id=\"fav-6630b9e09008895de8292da0aca5f8fb-2\"\r\n    >\r\n      <div class=\"card-content\">\r\n        <a itemprop=\"item\" href=\"#\">\r\n          <span itemprop=\"name\" class=\"large\">Chun Phang<\/span><\/a>\r\n          <meta itemprop=\"position\" content=\"2\" \/>\r\n        \r\n      <\/div>\r\n    <\/li>\r\n    <li\r\n      class=\"card\"\r\n      itemprop=\"itemListElement\"\r\n      itemscope\r\n      itemtype=\"https:\/\/schema.org\/ListItem\"\r\n      id=\"fav-6630b9e09008895de8292da0aca5f8fb-3\"\r\n    >\r\n      <div class=\"card-content\">\r\n        <a itemprop=\"item\" href=\"#\">\r\n          <span itemprop=\"name\" class=\"large\">Young-Soon Namgung<\/span><\/a>\r\n          <meta itemprop=\"position\" content=\"3\" \/>\r\n        \r\n      <\/div>\r\n    <\/li>\r\n    <li\r\n      class=\"card\"\r\n      itemprop=\"itemListElement\"\r\n      itemscope\r\n      itemtype=\"https:\/\/schema.org\/ListItem\"\r\n      id=\"fav-6630b9e09008895de8292da0aca5f8fb-4\"\r\n    >\r\n      <div class=\"card-content\">\r\n        <a itemprop=\"item\" href=\"#\">\r\n          <span itemprop=\"name\" class=\"large\">Sook Mann<\/span><\/a>\r\n          <meta itemprop=\"position\" content=\"4\" \/>\r\n        \r\n      <\/div>\r\n    <\/li>\r\n    <li\r\n      class=\"card\"\r\n      itemprop=\"itemListElement\"\r\n      itemscope\r\n      itemtype=\"https:\/\/schema.org\/ListItem\"\r\n      id=\"fav-6630b9e09008895de8292da0aca5f8fb-5\"\r\n    >\r\n      <div class=\"card-content\">\r\n        <a itemprop=\"item\" href=\"#\">\r\n          <span itemprop=\"name\" class=\"large\">Haneul Quan<\/span><\/a>\r\n          <meta itemprop=\"position\" content=\"5\" \/>\r\n        \r\n      <\/div>\r\n    <\/li>\r\n    <li\r\n      class=\"card\"\r\n      itemprop=\"itemListElement\"\r\n      itemscope\r\n      itemtype=\"https:\/\/schema.org\/ListItem\"\r\n      id=\"fav-6630b9e09008895de8292da0aca5f8fb-6\"\r\n    >\r\n      <div class=\"card-content\">\r\n        <a itemprop=\"item\" href=\"#\">\r\n          <span itemprop=\"name\" class=\"large\">Bae Quack<\/span><\/a>\r\n          <meta itemprop=\"position\" content=\"6\" \/>\r\n        \r\n      <\/div>\r\n    <\/li>\r\n  <\/ul>\r\n<\/div>\r\n<div class=\"btn\"><\/div>\r\n<div id=\"submit-btn-wrapper\">\r\n  <div class=\"btn\" id=\"submit-btn-inner\">\r\n    <img decoding=\"async\"\r\n      src=\"http:\/\/generator1.net\/wp-content\/uploads\/2021\/02\/loader.gif\"\r\n      id=\"loader-icon\"\r\n    \/>\r\n            <select style=\"display:none\" id=\"group_2\" class=\"dg-group\"\n                onchange=\"dpsDataGeneratorRefresh()\">\n            <option value=\"\"><\/option>\n                            <option\n                                        value=\"Female\">Female<\/option>\n                                <option\n                                        value=\"Male\">Male<\/option>\n                        <\/select>\n        <input type=\"button\" onclick=\"jQuery('#group_2').val('Female').trigger('change')\" value=\"Female\"\/><br \/><input type=\"button\" onclick=\"jQuery('#group_2').val('Male').trigger('change')\" value=\"Male\"\/>        \r\n  <\/div>\r\n<\/div>\r\n<script>\r\n  jQuery(\\\\'#submit-btn-inner input\\\\').click( function(){\r\n  jQuery(this).parent().addClass(\\\\'active\\\\')\r\n  });\r\n<\/script>\r\n\r\n<style>\r\n  #submit-btn-inner br {\r\n    display: none;\r\n  }\r\n  \/* Dont change it if use custom button *\/\r\n  span.heart_contents {\r\n    font-size: 32px;\r\n    line-height: initial;\r\n\r\n    transition: 0.5s all;\r\n  }\r\n\r\n  span.heart_contents:focus {\r\n    color: gold;\r\n  }\r\n\r\n  a.heart.fav-item i {\r\n    color: gold;\r\n    font-weight: bold;\r\n  }\r\n  a.heart.fav-item i:before {\r\n    content: \"\\f005\";\r\n  }\r\n  .cards {\r\n    padding: 0;\r\n    margin: 0;\r\n    width: 100%;\r\n  }\r\n  .card {\r\n    display: flex;\r\n    align-items: center;\r\n    background: #d8c9e2;\r\n    box-shadow: 2px 2px 10px #b3b3b3;\r\n    padding: 10px;\r\n    border-radius: 10px;\r\n    margin-bottom: 20px;\r\n    font-weight: 600;\r\n    transition: 0.5s all;\r\n  }\r\n  .card:hover {\r\n    box-shadow: 2px 2px 14px 1px #fffdfd;\r\n  }\r\n  .card > .card-content {\r\n    width: calc(100% - 70px);\r\n    padding: 0 15px;\r\n  }\r\n  .card > .card-content > span {\r\n    display: block;\r\n    text-align: left;\r\n  }\r\n\r\n  .large {\r\n    font-size: 1.2rem;\r\n    line-height: 1.15em;\r\n    margin-bottom: 2px;\r\n    text-align: center;\r\n    color: #0f0416;\r\n  }\r\n  .medium {\r\n    font-size: 1rem;\r\n    text-align: center;\r\n    color: #594e87e0;\r\n  }\r\n  .favorite-button-container {\r\n    width: 60px;\r\n    text-align: center;\r\n  }\r\n  div.btn {\r\n    display: flex;\r\n    align-items: center;\r\n    justify-content: center;\r\n  }\r\n  input[type=\"button\"] {\r\n    margin: 4px 4px;\r\n    color: white;\r\n    padding: 15px 20px;\r\n    cursor: pointer;\r\n  }\r\n\r\n  .card-star {\r\n    width: 60px;\r\n    font-size: 28px;\r\n  }\r\n\r\n  .card-star a {\r\n    text-decoration: none;\r\n    color: #000;\r\n  }\r\n\r\n  .card-star a:hover {\r\n    color: #eee;\r\n  }\r\n\r\n  .card-star span {\r\n    text-align: center;\r\n    display: block;\r\n    line-height: initial;\r\n    padding: 5px;\r\n    border-radius: 5px;\r\n    font-size: 100%;\r\n  }\r\n\r\n  #submit-btn-wrapper {\r\n    width: 100%;\r\n    clear: both;\r\n    margin-top: 20px;\r\n    text-align: center;\r\n  }\r\n\r\n  #loader-icon {\r\n    display: none;\r\n  }\r\n\r\n  .btn.active {\r\n    position: relative;\r\n    display: inline-block;\r\n  }\r\n\r\n  .active #loader-icon {\r\n    display: inline;\r\n    width: 25px;\r\n    top: 15px;\r\n    left: 20px;\r\n    position: absolute;\r\n  }\r\n\r\n  #submit-btn-wrapper .btn.active input[type=\"button\"] {\r\n    padding: 15px 20px 15px 50px;\r\n  }\r\n<\/style><script>\naddHeart('fav-6630b9e09008895de8292da0aca5f8fb-1', '6630b9e09008895de8292da0aca5f8fb', '2c7c66e9421d91da882763081cd22500');\naddHeart('fav-6630b9e09008895de8292da0aca5f8fb-2', '6630b9e09008895de8292da0aca5f8fb', 'e7db12e0ca349602802e18ff89b31043');\naddHeart('fav-6630b9e09008895de8292da0aca5f8fb-3', '6630b9e09008895de8292da0aca5f8fb', '5701bec343eaeac5c3659261469f24fe');\naddHeart('fav-6630b9e09008895de8292da0aca5f8fb-4', '6630b9e09008895de8292da0aca5f8fb', 'b1ace4f3a1bceb8ccfdad9b6f64ab8a5');\naddHeart('fav-6630b9e09008895de8292da0aca5f8fb-5', '6630b9e09008895de8292da0aca5f8fb', 'df557b920ec4e7bf487d0dd6b17f4e7e');\naddHeart('fav-6630b9e09008895de8292da0aca5f8fb-6', '6630b9e09008895de8292da0aca5f8fb', 'f0f7436d5d1f46fa371c1b1c5744e9a3');\n<\/script><\/div>\n<\/div>\n\t\t\t\t\t\t<\/div>\n\t\t\t\t<\/div>\n\t\t\t\t<div class=\"elementor-element elementor-element-a0c76df elementor-widget elementor-widget-toggle\" data-id=\"a0c76df\" data-element_type=\"widget\" data-e-type=\"widget\" data-widget_type=\"toggle.default\">\n\t\t\t\t<div class=\"elementor-widget-container\">\n\t\t\t\t\t\t\t<div class=\"elementor-toggle\">\n\t\t\t\t\t\t\t<div class=\"elementor-toggle-item\">\n\t\t\t\t\t<div id=\"elementor-tab-title-1681\" class=\"elementor-tab-title\" data-tab=\"1\" role=\"button\" aria-controls=\"elementor-tab-content-1681\" aria-expanded=\"false\">\n\t\t\t\t\t\t\t\t\t\t\t\t<span class=\"elementor-toggle-icon elementor-toggle-icon-left\" aria-hidden=\"true\">\n\t\t\t\t\t\t\t\t\t\t\t\t\t\t\t<span class=\"elementor-toggle-icon-closed\"><svg class=\"e-font-icon-svg e-fas-caret-right\" viewBox=\"0 0 192 512\" xmlns=\"http:\/\/www.w3.org\/2000\/svg\"><path d=\"M0 384.662V127.338c0-17.818 21.543-26.741 34.142-14.142l128.662 128.662c7.81 7.81 7.81 20.474 0 28.284L34.142 398.804C21.543 411.404 0 402.48 0 384.662z\"><\/path><\/svg><\/span>\n\t\t\t\t\t\t\t\t<span class=\"elementor-toggle-icon-opened\"><svg class=\"elementor-toggle-icon-opened e-font-icon-svg e-fas-caret-up\" viewBox=\"0 0 320 512\" xmlns=\"http:\/\/www.w3.org\/2000\/svg\"><path d=\"M288.662 352H31.338c-17.818 0-26.741-21.543-14.142-34.142l128.662-128.662c7.81-7.81 20.474-7.81 28.284 0l128.662 128.662c12.6 12.599 3.676 34.142-14.142 34.142z\"><\/path><\/svg><\/span>\n\t\t\t\t\t\t\t\t\t\t\t\t\t<\/span>\n\t\t\t\t\t\t\t\t\t\t\t\t<a class=\"elementor-toggle-title\" tabindex=\"0\">Interesting Facts<\/a>\n\t\t\t\t\t<\/div>\n\n\t\t\t\t\t<div id=\"elementor-tab-content-1681\" class=\"elementor-tab-content elementor-clearfix\" data-tab=\"1\" role=\"region\" aria-labelledby=\"elementor-tab-title-1681\"><ul><li>45% of Koreans are surnamed Kim, Lee, and Park.<\/li><li>Korean personal names are not actually divided into purely male and purely female names.<\/li><li>Koreans believe that the name chosen for a child determines its fate.<\/li><li>Usually a personal name reflects the quality that parents wish their child-good luck, health, prosperity, beauty.<\/li><\/ul><\/div>\n\t\t\t\t<\/div>\n\t\t\t\t\t\t\t\t\t\t<script type=\"application\/ld+json\">{\"@context\":\"https:\\\/\\\/schema.org\",\"@type\":\"FAQPage\",\"mainEntity\":[{\"@type\":\"Question\",\"name\":\"Interesting Facts\",\"acceptedAnswer\":{\"@type\":\"Answer\",\"text\":\"<ul><li>45% of Koreans are surnamed Kim, Lee, and Park.<\\\/li><li>Korean personal names are not actually divided into purely male and purely female names.<\\\/li><li>Koreans believe that the name chosen for a child determines its fate.<\\\/li><li>Usually a personal name reflects the quality that parents wish their child-good luck, health, prosperity, beauty.<\\\/li><\\\/ul>\"}}]}<\/script>\n\t\t\t\t\t<\/div>\n\t\t\t\t\t\t<\/div>\n\t\t\t\t<\/div>\n\t\t\t\t\t<\/div>\n\t\t<\/div>\n\t\t\t\t\t<\/div>\n\t\t<\/section>\n\t\t\t\t\t<\/div>\n\t\t<\/div>\n\t\t\t\t\t<\/div>\n\t\t<\/section>\n\t\t\t\t<section class=\"elementor-section elementor-top-section elementor-element elementor-element-79dbc1e elementor-section-boxed elementor-section-height-default elementor-section-height-default\" data-id=\"79dbc1e\" data-element_type=\"section\" data-e-type=\"section\">\n\t\t\t\t\t\t<div class=\"elementor-container elementor-column-gap-default\">\n\t\t\t\t\t<div class=\"elementor-column elementor-col-100 elementor-top-column elementor-element elementor-element-22eed36\" data-id=\"22eed36\" data-element_type=\"column\" data-e-type=\"column\">\n\t\t\t<div class=\"elementor-widget-wrap\">\n\t\t\t\t\t\t\t<\/div>\n\t\t<\/div>\n\t\t\t\t\t<\/div>\n\t\t<\/section>\n\t\t\t\t<\/div>\n\t\t","protected":false},"excerpt":{"rendered":"<p>Korean name generator on this page will generate you some Korean names absolutely free. Looking for a name for your character? There are more then 10,000 names in the database. Use the buttons bellow to get more name ideas, until you find the desired name. Korean traditions when choosing a name According to a common [&hellip;]<\/p>\n","protected":false},"author":1,"featured_media":0,"parent":0,"menu_order":0,"comment_status":"closed","ping_status":"closed","template":"","meta":{"footnotes":""},"class_list":["post-1666","page","type-page","status-publish","hentry"],"_links":{"self":[{"href":"https:\/\/generator1.net\/fr\/wp-json\/wp\/v2\/pages\/1666","targetHints":{"allow":["GET"]}}],"collection":[{"href":"https:\/\/generator1.net\/fr\/wp-json\/wp\/v2\/pages"}],"about":[{"href":"https:\/\/generator1.net\/fr\/wp-json\/wp\/v2\/types\/page"}],"author":[{"embeddable":true,"href":"https:\/\/generator1.net\/fr\/wp-json\/wp\/v2\/users\/1"}],"replies":[{"embeddable":true,"href":"https:\/\/generator1.net\/fr\/wp-json\/wp\/v2\/comments?post=1666"}],"version-history":[{"count":0,"href":"https:\/\/generator1.net\/fr\/wp-json\/wp\/v2\/pages\/1666\/revisions"}],"wp:attachment":[{"href":"https:\/\/generator1.net\/fr\/wp-json\/wp\/v2\/media?parent=1666"}],"curies":[{"name":"wp","href":"https:\/\/api.w.org\/{rel}","templated":true}]}}