{"id":87,"date":"2021-01-15T09:18:39","date_gmt":"2021-01-15T09:18:39","guid":{"rendered":"http:\/\/generator1.net\/?page_id=87"},"modified":"2021-01-15T09:32:27","modified_gmt":"2021-01-15T09:32:27","slug":"privacy","status":"publish","type":"page","link":"https:\/\/generator1.net\/es\/privacidad\/","title":{"rendered":"Privacidad"},"content":{"rendered":"<div data-elementor-type=\"wp-page\" data-elementor-id=\"87\" class=\"elementor elementor-87\" data-elementor-post-type=\"page\">\n\t\t\t\t\t\t<section class=\"elementor-section elementor-top-section elementor-element elementor-element-e0239ef elementor-section-boxed elementor-section-height-default elementor-section-height-default\" data-id=\"e0239ef\" data-element_type=\"section\" data-e-type=\"section\">\n\t\t\t\t\t\t<div class=\"elementor-container elementor-column-gap-default\">\n\t\t\t\t\t<div class=\"elementor-column elementor-col-100 elementor-top-column elementor-element elementor-element-eebb1c8\" data-id=\"eebb1c8\" data-element_type=\"column\" data-e-type=\"column\">\n\t\t\t<div class=\"elementor-widget-wrap elementor-element-populated\">\n\t\t\t\t\t\t<div class=\"elementor-element elementor-element-fd8c9a2 elementor-widget elementor-widget-heading\" data-id=\"fd8c9a2\" data-element_type=\"widget\" data-e-type=\"widget\" data-widget_type=\"heading.default\">\n\t\t\t\t<div class=\"elementor-widget-container\">\n\t\t\t\t\t<h1 class=\"elementor-heading-title elementor-size-default\">Pol\u00edtica de privacidad<\/h1>\t\t\t\t<\/div>\n\t\t\t\t<\/div>\n\t\t\t\t<div class=\"elementor-element elementor-element-93e7f3c elementor-widget elementor-widget-text-editor\" data-id=\"93e7f3c\" data-element_type=\"widget\" data-e-type=\"widget\" data-widget_type=\"text-editor.default\">\n\t\t\t\t<div class=\"elementor-widget-container\">\n\t\t\t\t\t\t\t\t\t<h2>\u00bfQu\u00e9 son las cookies?<\/h2><p>Las cookies son peque\u00f1os fragmentos de datos que un sitio web puede pedir a su navegador que almacene en su dispositivo. De este modo, sus acciones, preferencias u otra informaci\u00f3n pueden ser recordadas para su uso posterior. Por ejemplo, cuando utiliza la opci\u00f3n \"Recu\u00e9rdame\" en un formulario de acceso, se utiliza una cookie para recordarle. Otro ejemplo son las tiendas web con cesta de la compra. Cada vez que a\u00f1ada un art\u00edculo a su cesta, es probable que se utilice una cookie para recordarlo.<\/p><p>Hay muchos tipos diferentes de cookies, pero se pueden clasificar de la siguiente manera:<br \/>- Cookie de sesi\u00f3n: Estas cookies se guardan s\u00f3lo mientras su navegador est\u00e1 activo. Una vez que cierra el navegador, estas cookies se eliminan.<br \/>- Cookie persistente: Estas cookies se guardar\u00e1n durante un periodo de tiempo m\u00e1s largo, a veces para siempre hasta que decida eliminarlas.<br \/>- Cookies de origen: Estas cookies son establecidas por el dominio (sitio web) que visitas, en este caso ser\u00eda una cookie establecida por fantasynamegenerators.com<br \/>- Cookies de terceros: Estas cookies son establecidas por un dominio diferente al que est\u00e1s visitando en ese momento. En este caso podr\u00eda ser el dominio de publicidad de Google, por ejemplo.<\/p><h3>Qui\u00e9nes somos<\/h3><p>Megasolid LLC opera <a href=\"https:\/\/generator1.net\/es\/\">Generador1.net<\/a> y puede explotar otros sitios web. Es <a href=\"https:\/\/generator1.net\/es\/\">Generador1.net<\/a>respeta su privacidad con respecto a cualquier informaci\u00f3n que podamos recopilar mientras operamos nuestros sitios web.<\/p><h3>Anuncios<\/h3><p>Los anuncios que aparecen en cualquiera de nuestros sitios web pueden ser enviados a los usuarios por socios publicitarios, que pueden instalar cookies. Estas cookies permiten al servidor de anuncios reconocer su ordenador cada vez que le env\u00edan un anuncio en l\u00ednea para recopilar informaci\u00f3n sobre usted u otras personas que utilizan su ordenador. Esta informaci\u00f3n permite a las redes publicitarias, entre otras cosas, ofrecer anuncios espec\u00edficos que creen que ser\u00e1n de mayor inter\u00e9s para usted. Esta Pol\u00edtica de Privacidad cubre el uso de cookies por parte de Megasolid y no cubre el uso de cookies por parte de ning\u00fan anunciante.<\/p><p>Todas ellas son cookies de terceros, por lo que apenas tenemos control sobre ellas (aparte de utilizar o no ese servicio o parte de \u00e9l).<\/p><h2>Botones de redes sociales<\/h2><p>Utilizamos botones de redes sociales que le permiten compartir este sitio web o p\u00e1ginas concretas. Estas redes sociales son Facebook, Pinterest y Twitter. Es posible que se utilicen cookies si, por ejemplo, utiliza la funci\u00f3n \"Recu\u00e9rdame\" para iniciar sesi\u00f3n o si ya ha iniciado sesi\u00f3n, ya que estos sitios le permiten compartir cualquier cosa sin tener que iniciar sesi\u00f3n constantemente en su servicio.<\/p><p>Tambi\u00e9n se trata de cookies de terceros.<\/p><h2>Mensaje 'Este sitio utiliza cookies'<\/h2><p>El mensaje que le informa de que este sitio utiliza cookies tambi\u00e9n utiliza una cookie una vez que usted pulsa el bot\u00f3n \"Aceptar\", de este modo no tiene que enfrentarse a ese mensaje cada vez que visita el sitio (a menos que siga borrando esa cookie).<\/p><p>Tambi\u00e9n se trata de una cookie de terceros.<\/p><h2>Para residentes en California: Informaci\u00f3n sobre la CCPA<\/h2><p>Este Aviso de privacidad para residentes de California complementa la informaci\u00f3n contenida en otras partes de este Aviso de privacidad y se aplica exclusivamente a todos los visitantes, usuarios y otras personas que residen en el estado de California (\"consumidores\" o \"usted\"). Este aviso est\u00e1 aqu\u00ed para cumplir con la Ley de Privacidad del Consumidor de California de 2018 (CCPA) y cualquier t\u00e9rmino definido en la CCPA tiene el mismo significado cuando se usa en este aviso.<\/p><h3>Derechos y opciones<\/h3><p>La CCPA otorga a los consumidores ubicados en el estado de California determinados derechos en relaci\u00f3n con su informaci\u00f3n y datos personales. La siguiente secci\u00f3n describe esos derechos y explica c\u00f3mo ejercerlos:<\/p><h3>Acceso a informaci\u00f3n espec\u00edfica y derechos de portabilidad de datos<\/h3><p>Tiene derecho a solicitar que la empresa le revele determinada informaci\u00f3n sobre la recogida y el uso de sus datos personales durante los \u00faltimos 12 meses. Una vez que recibamos y confirmemos su solicitud verificable como consumidor (tal y como se describe en la secci\u00f3n \"Ejercicio de los derechos de acceso, portabilidad y supresi\u00f3n de datos\"), le revelaremos cualquier informaci\u00f3n recopilada sobre usted.<\/p><p>No discriminaci\u00f3n<br \/>Megalosild LLC nunca le discriminar\u00e1 por ejercer cualquiera de sus derechos CCPA de ninguna manera.<\/p><h3>Ejercicio de los derechos de acceso, portabilidad y supresi\u00f3n de datos<\/h3><p>Para ejercer los derechos de acceso, portabilidad de datos y supresi\u00f3n descritos anteriormente, env\u00ede una solicitud verificable del consumidor a Megasolid LLC poni\u00e9ndose en contacto a trav\u00e9s del formulario de contacto disponible en este sitio.<\/p><p>S\u00f3lo usted, o una persona registrada en la Secretar\u00eda de Estado de California a la que usted autorice a actuar en su nombre, puede realizar una solicitud de consumidor verificable relacionada con su informaci\u00f3n personal. Tambi\u00e9n puede presentar una solicitud de consumidor verificable en nombre de su hijo menor de edad.<br \/>S\u00f3lo podr\u00e1 presentar una solicitud verificable del consumidor para acceder a la portabilidad de datos dos veces en un periodo de 12 meses. La solicitud verificable del consumidor debe:<\/p><p>Proporcionar informaci\u00f3n suficiente que nos permita verificar razonablemente que usted es la persona sobre la que recopilamos informaci\u00f3n personal o un representante autorizado.<br \/>Describa su solicitud con suficiente detalle para que podamos entenderla, evaluarla y responder a ella adecuadamente.<br \/>No podemos responder a su solicitud ni proporcionarle informaci\u00f3n personal si no podemos verificar su identidad o autoridad para realizar la solicitud y confirmar que la informaci\u00f3n personal se refiere a usted.<\/p><p>Para realizar una solicitud de consumidor verificable no es necesario crear una cuenta con nosotros. Solo utilizaremos la informaci\u00f3n personal facilitada en una solicitud de consumidor verificable para comprobar la identidad del solicitante o su autoridad para realizar la solicitud.<\/p><h3>Informaci\u00f3n recogida<\/h3><p>La \u00fanica informaci\u00f3n personal que se recopila sobre usted es la que proporciona al utilizar el formulario de contacto. Esto podr\u00eda incluir cualquiera de los siguientes:<br \/>- Tu nombre.<br \/>- Tu direcci\u00f3n de correo electr\u00f3nico.<br \/>- Cualquier otra informaci\u00f3n sobre ti que me env\u00edes en tu mensaje.<\/p><h3>Uso de su informaci\u00f3n<\/h3><p>Sus datos se utilizar\u00e1n para responderle y ponernos en contacto con usted en funci\u00f3n de la finalidad de su mensaje. Si sugiere una idea, sus datos se utilizar\u00e1n para ponernos en contacto con usted en el futuro y comunicarle si su idea se ha llevado a la pr\u00e1ctica.<br \/>Su direcci\u00f3n IP se utiliza para una capa adicional de identificaci\u00f3n en un intento limitado de evitar que la gente se haga pasar por varias personas.<\/p><h3>Compartir su informaci\u00f3n<\/h3><p>NO compartimos ni vendemos su informaci\u00f3n con nadie.<\/p>\t\t\t\t\t\t\t\t<\/div>\n\t\t\t\t<\/div>\n\t\t\t\t\t<\/div>\n\t\t<\/div>\n\t\t\t\t\t<\/div>\n\t\t<\/section>\n\t\t\t\t<\/div>","protected":false},"excerpt":{"rendered":"<p>Privacy Policy What are cookies? Cookies are small pieces of data which a website may ask your browser to store on your device. This way your actions, preferences or other information can be remembered for later use. For example, whenever you use a &#8216;remember me&#8217; option on a login form, a cookie is used to [&hellip;]<\/p>\n","protected":false},"author":1,"featured_media":0,"parent":0,"menu_order":0,"comment_status":"closed","ping_status":"closed","template":"","meta":{"footnotes":""},"class_list":["post-87","page","type-page","status-publish","hentry"],"_links":{"self":[{"href":"https:\/\/generator1.net\/es\/wp-json\/wp\/v2\/pages\/87","targetHints":{"allow":["GET"]}}],"collection":[{"href":"https:\/\/generator1.net\/es\/wp-json\/wp\/v2\/pages"}],"about":[{"href":"https:\/\/generator1.net\/es\/wp-json\/wp\/v2\/types\/page"}],"author":[{"embeddable":true,"href":"https:\/\/generator1.net\/es\/wp-json\/wp\/v2\/users\/1"}],"replies":[{"embeddable":true,"href":"https:\/\/generator1.net\/es\/wp-json\/wp\/v2\/comments?post=87"}],"version-history":[{"count":0,"href":"https:\/\/generator1.net\/es\/wp-json\/wp\/v2\/pages\/87\/revisions"}],"wp:attachment":[{"href":"https:\/\/generator1.net\/es\/wp-json\/wp\/v2\/media?parent=87"}],"curies":[{"name":"wp","href":"https:\/\/api.w.org\/{rel}","templated":true}]}}