{"id":196,"date":"2021-01-20T15:01:30","date_gmt":"2021-01-20T15:01:30","guid":{"rendered":"http:\/\/generator1.net\/?page_id=196"},"modified":"2021-06-07T10:25:19","modified_gmt":"2021-06-07T10:25:19","slug":"about","status":"publish","type":"page","link":"https:\/\/generator1.net\/es\/acerca-de\/","title":{"rendered":"Acerca de"},"content":{"rendered":"<div data-elementor-type=\"wp-page\" data-elementor-id=\"196\" class=\"elementor elementor-196\" data-elementor-post-type=\"page\">\n\t\t\t\t\t\t<section class=\"elementor-section elementor-top-section elementor-element elementor-element-aca9ab5 elementor-section-boxed elementor-section-height-default elementor-section-height-default\" data-id=\"aca9ab5\" data-element_type=\"section\" data-e-type=\"section\">\n\t\t\t\t\t\t<div class=\"elementor-container elementor-column-gap-default\">\n\t\t\t\t\t<div class=\"elementor-column elementor-col-50 elementor-top-column elementor-element elementor-element-13f0ea8\" data-id=\"13f0ea8\" data-element_type=\"column\" data-e-type=\"column\">\n\t\t\t<div class=\"elementor-widget-wrap elementor-element-populated\">\n\t\t\t\t\t\t<div class=\"elementor-element elementor-element-ff7f7ed elementor-widget elementor-widget-heading\" data-id=\"ff7f7ed\" data-element_type=\"widget\" data-e-type=\"widget\" data-widget_type=\"heading.default\">\n\t\t\t\t<div class=\"elementor-widget-container\">\n\t\t\t\t\t<h1 class=\"elementor-heading-title elementor-size-xxl\">Qui\u00e9nes somos<\/h1>\t\t\t\t<\/div>\n\t\t\t\t<\/div>\n\t\t\t\t\t<\/div>\n\t\t<\/div>\n\t\t\t\t<div class=\"elementor-column elementor-col-50 elementor-top-column elementor-element elementor-element-c5794af\" data-id=\"c5794af\" data-element_type=\"column\" data-e-type=\"column\">\n\t\t\t<div class=\"elementor-widget-wrap elementor-element-populated\">\n\t\t\t\t\t\t<div class=\"elementor-element elementor-element-4f699ac elementor-widget elementor-widget-text-editor\" data-id=\"4f699ac\" data-element_type=\"widget\" data-e-type=\"widget\" data-widget_type=\"text-editor.default\">\n\t\t\t\t<div class=\"elementor-widget-container\">\n\t\t\t\t\t\t\t\t\t<p>Hola visitante, somos como t\u00fa, est\u00e1bamos buscando nuevas ideas para apodos para nuestro h\u00e9roe. Esto comenz\u00f3 como un hobby, para compartir algunas ideas de nombres. Debido a la respuesta positiva de los visitantes decidimos hacer un generadores de nombres de fantas\u00eda....<\/p><p>Intentamos hacer material original. Vamos m\u00e1s all\u00e1 para hacer los mejores generadores de nombres que podamos.<\/p><p>No importa si buscas un nombre de personaje para un juego de rol en l\u00ednea o un nombre de pantalla para una red social en la que miles, si no cientos de miles, de participantes buscan nombres. <span style=\"text-decoration: underline;\"><strong>Le tenemos cubierto.<\/strong><\/span><\/p><p>Utilizamos grandes bases de datos de nombres y a\u00f1adimos m\u00e1s constantemente. \u00a1Nuestros generadores de nombres tienen miles de nombres \u00fanicos!<\/p><p>Trabajamos constantemente para mejorar nuestros generadores de nombres, as\u00ed como para producir nuevos generadores de alta calidad, y valoramos los comentarios de nuestros usuarios. Si usted consigue un nombre dudoso, o le gustar\u00eda compartir con nosotros nombres, <a href=\"https:\/\/generator1.net\/es\/pongase-en-contacto-con\/\">H\u00e1ganoslo saber<\/a> !\u00a0<br \/>\u00bfPor qu\u00e9 es importante? Creemos que la mejor forma de crear sitios web es crear contenidos de calidad y dejar que nuestros usuarios decidan lo que es bueno. Cuando a nuestros usuarios les gustan las cosas, comparten nuestros contenidos por nosotros, \u00a1y podemos dedicarnos a crear nuevos generadores de nombres en lugar de perder el tiempo promocion\u00e1ndolos! En definitiva, nuestra filosof\u00eda es crear contenidos que nos hagan sentir orgullosos y que hagan felices a nuestros usuarios.<\/p>\t\t\t\t\t\t\t\t<\/div>\n\t\t\t\t<\/div>\n\t\t\t\t\t<\/div>\n\t\t<\/div>\n\t\t\t\t\t<\/div>\n\t\t<\/section>\n\t\t\t\t<\/div>","protected":false},"excerpt":{"rendered":"<p>About Us Hello visitor,\u00a0 we are like you, were looking for new ideas for nicknames for our hero. This started as a side hobby, to share some names ideas. Due to positive reply from visitors we decided to do a fantasy name generators&#8230;. We try to make original material.\u00a0We go above and beyond to make [&hellip;]<\/p>\n","protected":false},"author":1,"featured_media":0,"parent":0,"menu_order":0,"comment_status":"closed","ping_status":"closed","template":"","meta":{"footnotes":""},"class_list":["post-196","page","type-page","status-publish","hentry"],"_links":{"self":[{"href":"https:\/\/generator1.net\/es\/wp-json\/wp\/v2\/pages\/196","targetHints":{"allow":["GET"]}}],"collection":[{"href":"https:\/\/generator1.net\/es\/wp-json\/wp\/v2\/pages"}],"about":[{"href":"https:\/\/generator1.net\/es\/wp-json\/wp\/v2\/types\/page"}],"author":[{"embeddable":true,"href":"https:\/\/generator1.net\/es\/wp-json\/wp\/v2\/users\/1"}],"replies":[{"embeddable":true,"href":"https:\/\/generator1.net\/es\/wp-json\/wp\/v2\/comments?post=196"}],"version-history":[{"count":0,"href":"https:\/\/generator1.net\/es\/wp-json\/wp\/v2\/pages\/196\/revisions"}],"wp:attachment":[{"href":"https:\/\/generator1.net\/es\/wp-json\/wp\/v2\/media?parent=196"}],"curies":[{"name":"wp","href":"https:\/\/api.w.org\/{rel}","templated":true}]}}